{"id":9,"date":"2024-07-10T20:04:51","date_gmt":"2024-07-10T20:04:51","guid":{"rendered":"https:\/\/edukanti.pl\/?page_id=9"},"modified":"2024-09-01T11:46:04","modified_gmt":"2024-09-01T11:46:04","slug":"strona-glowna","status":"publish","type":"page","link":"https:\/\/edukanti.pl\/","title":{"rendered":"Strona G\u0142\u00f3wna"},"content":{"rendered":"\n<p><strong>Poradnia Psychologiczna Edukanti <\/strong>to miejsce dla wszystkich os\u00f3b szukaj\u0105cych wsparcia i pomocy psychologicznej. Powsta\u0142a r\u00f3wnie\u017c z&nbsp; potrzeby wsparcia dzieci i m\u0142odzie\u017cy ze spektrum autyzmu oraz ich rodzin. Za\u0142o\u017cona na pro\u015bb\u0119 rodzic\u00f3w i mieszka\u0144c\u00f3w powiatu pruszkowskiego.<\/p>\n\n\n\n<p>Nasi specjali\u015bci od lat koncentruj\u0105 si\u0119 na profesjonalnym podej\u015bciu do skutecznego nauczania, pomocy pedagogicznej, pracy nad umiej\u0119tno\u015bciami pomagaj\u0105cymi w socjalizacji i odnajdywaniu si\u0119 we wsp\u00f3\u0142czesnym \u015bwiecie. Wspieraj\u0105 zdrowie psychiczne podopiecznych oraz ich rodzin. Maj\u0105 wieloletnie do\u015bwiadczenie w diagnozowaniu i pracy w zakresie integracji sensorycznej, treningu umiej\u0119tno\u015bci spo\u0142ecznych, indywidualnej pracy psychoedukacyjnej itp. Od momentu naszego powstania stawiamy sobie za cel stworzenie bezpiecznego miejsca, gdzie dzieci i m\u0142odzie\u017c mog\u0105 rozwija\u0107 si\u0119, uczy\u0107 i korzysta\u0107 z niezb\u0119dnych terapii. Dotyczy to tak\u017ce os\u00f3b z zaburzeniami ze spektrum autyzmu. Dbamy r\u00f3wnie\u017c o ich rodzic\u00f3w i najbli\u017cszych, oferuj\u0105c wsparcie i porady w codziennych wyzwaniach zwi\u0105zanych z \u017cyciem z osob\u0105 ze spektrum autyzmu. Dzi\u0119ki naszemu do\u015bwiadczeniu jeste\u015bmy w stanie zapewni\u0107 naszym podopiecznym wysok\u0105 jako\u015b\u0107 us\u0142ug.<\/p>\n\n\n\n<p>Posiadamy do\u015bwiadczenie nie tylko w pomaganiu osobom z autyzmem, ale tak\u017ce w eliminowaniu trudnych zachowa\u0144 u dzieci i m\u0142odzie\u017cy.&nbsp;D\u0105\u017cymy do ci\u0105g\u0142ego doskonalenia naszych metod pracy oraz podnoszenia kwalifikacji, aby m\u00f3c skutecznie wspiera\u0107 naszych podopiecznych i ich rodziny.<\/p>\n\n\n\n<p>Opr\u00f3cz podstawowych us\u0142ug terapeutycznych, oferujemy szereg us\u0142ug dodatkowych, w tym:<\/p>\n\n\n\n<ul class=\"wp-block-list\">\n<li>Konsultacje rodzinne i indywidualne,<\/li>\n\n\n\n<li>Grupowe zaj\u0119cia terapeutyczne,<\/li>\n\n\n\n<li>Warsztaty i szkolenia dla rodzic\u00f3w,<\/li>\n\n\n\n<li>Terapi\u0119 zaj\u0119ciow\u0105 i arteterapi\u0119,<\/li>\n\n\n\n<li>Diagnozy psychologiczne i pedagogiczne,<\/li>\n\n\n\n<li>Wsparcie w edukacji specjalnej.<\/li>\n<\/ul>\n\n\n\n<p>Poradnia Edukanti to miejsce, gdzie ka\u017cdy mo\u017ce czu\u0107 si\u0119 rozumiany, akceptowany i wspierany w swoim rozwoju.<\/p>\n\n\n\n<p>Zaufaj profesjonalizmowi i do\u015bwiadczeniu Poradni Psychologicznej Edukanti \u2013 razem mo\u017cemy stworzy\u0107 lepsze jutro dla naszych podopiecznych.<\/p>\n\n\n<div class=\"wp-block-image is-style-default\">\n<figure class=\"aligncenter size-large is-resized\"><img loading=\"lazy\" decoding=\"async\" width=\"1024\" height=\"567\" src=\"https:\/\/edukanti.pl\/wp-content\/uploads\/2024\/09\/obraz_2024-09-01_133558997-1024x567.png\" alt=\"\" class=\"wp-image-167\" style=\"width:866px;height:auto\" srcset=\"https:\/\/edukanti.pl\/wp-content\/uploads\/2024\/09\/obraz_2024-09-01_133558997-1024x567.png 1024w, https:\/\/edukanti.pl\/wp-content\/uploads\/2024\/09\/obraz_2024-09-01_133558997-300x166.png 300w, https:\/\/edukanti.pl\/wp-content\/uploads\/2024\/09\/obraz_2024-09-01_133558997-768x425.png 768w, https:\/\/edukanti.pl\/wp-content\/uploads\/2024\/09\/obraz_2024-09-01_133558997-1536x850.png 1536w, https:\/\/edukanti.pl\/wp-content\/uploads\/2024\/09\/obraz_2024-09-01_133558997.png 1630w\" sizes=\"(max-width: 1024px) 100vw, 1024px\" \/><\/figure><\/div>","protected":false},"excerpt":{"rendered":"<p>Poradnia Psychologiczna Edukanti to miejsce dla wszystkich os\u00f3b szukaj\u0105cych wsparcia i pomocy psychologicznej. Powsta\u0142a r\u00f3wnie\u017c z&nbsp; potrzeby wsparcia dzieci i m\u0142odzie\u017cy ze spektrum autyzmu oraz ich rodzin. Za\u0142o\u017cona na pro\u015bb\u0119 rodzic\u00f3w i mieszka\u0144c\u00f3w powiatu pruszkowskiego. Nasi specjali\u015bci od lat koncentruj\u0105 si\u0119 na profesjonalnym podej\u015bciu do skutecznego nauczania, pomocy pedagogicznej, pracy nad umiej\u0119tno\u015bciami pomagaj\u0105cymi w socjalizacji &hellip; <\/p>\n","protected":false},"author":1,"featured_media":176,"parent":0,"menu_order":0,"comment_status":"closed","ping_status":"closed","template":"","meta":{"footnotes":""},"class_list":["post-9","page","type-page","status-publish","has-post-thumbnail","hentry"],"_links":{"self":[{"href":"https:\/\/edukanti.pl\/index.php?rest_route=\/wp\/v2\/pages\/9"}],"collection":[{"href":"https:\/\/edukanti.pl\/index.php?rest_route=\/wp\/v2\/pages"}],"about":[{"href":"https:\/\/edukanti.pl\/index.php?rest_route=\/wp\/v2\/types\/page"}],"author":[{"embeddable":true,"href":"https:\/\/edukanti.pl\/index.php?rest_route=\/wp\/v2\/users\/1"}],"replies":[{"embeddable":true,"href":"https:\/\/edukanti.pl\/index.php?rest_route=%2Fwp%2Fv2%2Fcomments&post=9"}],"version-history":[{"count":11,"href":"https:\/\/edukanti.pl\/index.php?rest_route=\/wp\/v2\/pages\/9\/revisions"}],"predecessor-version":[{"id":168,"href":"https:\/\/edukanti.pl\/index.php?rest_route=\/wp\/v2\/pages\/9\/revisions\/168"}],"wp:featuredmedia":[{"embeddable":true,"href":"https:\/\/edukanti.pl\/index.php?rest_route=\/wp\/v2\/media\/176"}],"wp:attachment":[{"href":"https:\/\/edukanti.pl\/index.php?rest_route=%2Fwp%2Fv2%2Fmedia&parent=9"}],"curies":[{"name":"wp","href":"https:\/\/api.w.org\/{rel}","templated":true}]}}