{"id":49,"date":"2024-07-11T08:38:57","date_gmt":"2024-07-11T08:38:57","guid":{"rendered":"https:\/\/edukanti.pl\/?page_id=49"},"modified":"2024-10-01T20:31:26","modified_gmt":"2024-10-01T20:31:26","slug":"nasz-zespol","status":"publish","type":"page","link":"https:\/\/edukanti.pl\/?page_id=49","title":{"rendered":"Nasz zesp\u00f3\u0142"},"content":{"rendered":"\n<figure class=\"wp-block-gallery has-nested-images columns-5 is-cropped wp-block-gallery-1 is-layout-flex wp-block-gallery-is-layout-flex\">\n<figure class=\"wp-block-image size-large is-style-rounded\"><img loading=\"lazy\" decoding=\"async\" width=\"731\" height=\"1024\" data-id=\"127\" src=\"https:\/\/edukanti.pl\/wp-content\/uploads\/2024\/09\/jak3192-3-731x1024.jpg\" alt=\"\" class=\"wp-image-127\" srcset=\"https:\/\/edukanti.pl\/wp-content\/uploads\/2024\/09\/jak3192-3-731x1024.jpg 731w, https:\/\/edukanti.pl\/wp-content\/uploads\/2024\/09\/jak3192-3-214x300.jpg 214w, https:\/\/edukanti.pl\/wp-content\/uploads\/2024\/09\/jak3192-3-768x1075.jpg 768w, https:\/\/edukanti.pl\/wp-content\/uploads\/2024\/09\/jak3192-3-1097x1536.jpg 1097w, https:\/\/edukanti.pl\/wp-content\/uploads\/2024\/09\/jak3192-3-1463x2048.jpg 1463w, https:\/\/edukanti.pl\/wp-content\/uploads\/2024\/09\/jak3192-3-scaled.jpg 1828w\" sizes=\"(max-width: 731px) 100vw, 731px\" \/><\/figure>\n\n\n\n<figure class=\"wp-block-image size-medium is-style-rounded\"><img loading=\"lazy\" decoding=\"async\" width=\"200\" height=\"300\" data-id=\"131\" src=\"https:\/\/edukanti.pl\/wp-content\/uploads\/2024\/09\/jak3385-1-200x300.jpg\" alt=\"\" class=\"wp-image-131\" srcset=\"https:\/\/edukanti.pl\/wp-content\/uploads\/2024\/09\/jak3385-1-200x300.jpg 200w, https:\/\/edukanti.pl\/wp-content\/uploads\/2024\/09\/jak3385-1-683x1024.jpg 683w, https:\/\/edukanti.pl\/wp-content\/uploads\/2024\/09\/jak3385-1-768x1152.jpg 768w, https:\/\/edukanti.pl\/wp-content\/uploads\/2024\/09\/jak3385-1-1024x1536.jpg 1024w, https:\/\/edukanti.pl\/wp-content\/uploads\/2024\/09\/jak3385-1-1365x2048.jpg 1365w, https:\/\/edukanti.pl\/wp-content\/uploads\/2024\/09\/jak3385-1-scaled.jpg 1707w\" sizes=\"(max-width: 200px) 100vw, 200px\" \/><\/figure>\n\n\n\n<figure class=\"wp-block-image size-medium is-style-rounded\"><img loading=\"lazy\" decoding=\"async\" width=\"200\" height=\"300\" data-id=\"124\" src=\"https:\/\/edukanti.pl\/wp-content\/uploads\/2024\/09\/jak3565-200x300.jpg\" alt=\"\" class=\"wp-image-124\" srcset=\"https:\/\/edukanti.pl\/wp-content\/uploads\/2024\/09\/jak3565-200x300.jpg 200w, https:\/\/edukanti.pl\/wp-content\/uploads\/2024\/09\/jak3565-684x1024.jpg 684w, https:\/\/edukanti.pl\/wp-content\/uploads\/2024\/09\/jak3565-768x1150.jpg 768w, https:\/\/edukanti.pl\/wp-content\/uploads\/2024\/09\/jak3565-1025x1536.jpg 1025w, https:\/\/edukanti.pl\/wp-content\/uploads\/2024\/09\/jak3565-1367x2048.jpg 1367w, https:\/\/edukanti.pl\/wp-content\/uploads\/2024\/09\/jak3565-scaled.jpg 1709w\" sizes=\"(max-width: 200px) 100vw, 200px\" \/><\/figure>\n\n\n\n<figure class=\"wp-block-image size-medium is-style-rounded\"><img loading=\"lazy\" decoding=\"async\" width=\"214\" height=\"300\" data-id=\"130\" src=\"https:\/\/edukanti.pl\/wp-content\/uploads\/2024\/09\/jak3625-214x300.jpg\" alt=\"\" class=\"wp-image-130\" srcset=\"https:\/\/edukanti.pl\/wp-content\/uploads\/2024\/09\/jak3625-214x300.jpg 214w, https:\/\/edukanti.pl\/wp-content\/uploads\/2024\/09\/jak3625-731x1024.jpg 731w, https:\/\/edukanti.pl\/wp-content\/uploads\/2024\/09\/jak3625-768x1075.jpg 768w, https:\/\/edukanti.pl\/wp-content\/uploads\/2024\/09\/jak3625-1097x1536.jpg 1097w, https:\/\/edukanti.pl\/wp-content\/uploads\/2024\/09\/jak3625-1463x2048.jpg 1463w, https:\/\/edukanti.pl\/wp-content\/uploads\/2024\/09\/jak3625-scaled.jpg 1829w\" sizes=\"(max-width: 214px) 100vw, 214px\" \/><\/figure>\n<\/figure>\n\n\n\n<p class=\"has-text-align-center\">Nasi specjali\u015bci to do\u015bwiadczeni psychologowie i terapeuci, logopedzi, fizjoterapeuci kt\u00f3rzy regularnie podnosz\u0105 swoje kwalifikacje, aby zapewni\u0107 naszym pacjentom najlepsz\u0105 mo\u017cliw\u0105 opiek\u0119.<\/p>\n\n\n\n<hr class=\"wp-block-separator has-css-opacity is-style-default\"\/>\n\n\n\n<div class=\"wp-block-group is-content-justification-center is-nowrap is-layout-flex wp-container-core-group-is-layout-1 wp-block-group-is-layout-flex\">\n<figure class=\"wp-block-gallery aligncenter has-nested-images columns-default is-cropped wp-block-gallery-2 is-layout-flex wp-block-gallery-is-layout-flex\"><div class=\"wp-block-image is-style-rounded\">\n<figure class=\"aligncenter size-large\"><img loading=\"lazy\" decoding=\"async\" width=\"605\" height=\"685\" src=\"https:\/\/edukanti.pl\/wp-content\/uploads\/2024\/10\/Skorupska-Agnieszka-1.jpg\" alt=\"\" class=\"wp-image-231\" srcset=\"https:\/\/edukanti.pl\/wp-content\/uploads\/2024\/10\/Skorupska-Agnieszka-1.jpg 605w, https:\/\/edukanti.pl\/wp-content\/uploads\/2024\/10\/Skorupska-Agnieszka-1-265x300.jpg 265w\" sizes=\"(max-width: 605px) 100vw, 605px\" \/><\/figure><\/div><\/figure>\n<\/div>\n\n\n\n<p class=\"has-text-align-center\"><strong>Agnieszka Skorupska<\/strong> &#8211; Pedagog specjalny, terapeuta integracji sensorycznej, nauczyciel dyplomowany. Od 2004r. pracuje z dzie\u0107mi z trudno\u015bciami szkolnymi, z dzie\u0107mi i m\u0142odzie\u017c\u0105 z zaburzeniami rozwojowymi, z niepe\u0142nosprawno\u015bciami. Certyfikowany terapeuta integracji sensorycznej od 2010r., do\u015bwiadczony diagnosta. Cz\u0142onek Polskiego Stowarzyszenia Terapeut\u00f3w Integracji Sensorycznej. Do\u015bwiadczenie w zakresie diagnozowania i prowadzenia terapii SI zdobywa\u0142a w szkole, Poradni Psychologiczno-Pedagogicznej oraz w prywatnym gabinecie.<\/p>\n\n\n\n<p class=\"has-text-align-center\"><\/p>\n\n\n<div class=\"wp-block-image is-style-rounded\">\n<figure class=\"aligncenter size-full\"><img loading=\"lazy\" decoding=\"async\" width=\"491\" height=\"814\" src=\"https:\/\/edukanti.pl\/wp-content\/uploads\/2024\/10\/Kinga-1.jpg\" alt=\"\" class=\"wp-image-240\" srcset=\"https:\/\/edukanti.pl\/wp-content\/uploads\/2024\/10\/Kinga-1.jpg 491w, https:\/\/edukanti.pl\/wp-content\/uploads\/2024\/10\/Kinga-1-181x300.jpg 181w\" sizes=\"(max-width: 491px) 100vw, 491px\" \/><\/figure><\/div>\n\n\n<p class=\"has-text-align-center\"><strong>Kinga Stawiszy\u0144ska<\/strong> &#8211; Jestem psychologiem, oligofrenopedagogiem oraz nauczycielem edukacji wczesnoszkolnej. Uko\u0144czy\u0142am 5-letnie studia magisterskie w Szkole Wy\u017cszej Psychologii Spo\u0142ecznej na kierunku psychologia kliniczna. Podczas studi\u00f3w uko\u0144czy\u0142am dwie specjalizacje: Stosowan\u0105 Analiz\u0119 Zachowania oraz Psychoterapi\u0119 Poznawczo-Behawioraln\u0105. Od 2012 roku pracuj\u0119 z dzie\u0107mi z zaburzeniami ze spektrum autyzmu w wieku przedszkolnym i szkolnym. W swojej pracy aktywnie wspieram rozw\u00f3j samodzielno\u015bci dzieci, pomagaj\u0105c odkrywa\u0107 i rozwija\u0107 ich w\u0142asne pasje. Budowanie pozytywnej, opartej na zaufaniu relacji z dzieckiem stanowi dla mnie kluczowy element mojej pracy.<\/p>\n\n\n\n<blockquote class=\"wp-block-quote has-text-align-center is-style-large is-layout-flow wp-block-quote-is-layout-flow\"><\/blockquote>\n\n\n<div class=\"wp-block-image is-style-rounded\">\n<figure class=\"aligncenter size-full is-resized\"><img loading=\"lazy\" decoding=\"async\" width=\"506\" height=\"574\" src=\"https:\/\/edukanti.pl\/wp-content\/uploads\/2024\/10\/dziehgielwska.jpg\" alt=\"\" class=\"wp-image-235\" style=\"width:446px;height:auto\" srcset=\"https:\/\/edukanti.pl\/wp-content\/uploads\/2024\/10\/dziehgielwska.jpg 506w, https:\/\/edukanti.pl\/wp-content\/uploads\/2024\/10\/dziehgielwska-264x300.jpg 264w\" sizes=\"(max-width: 506px) 100vw, 506px\" \/><\/figure><\/div>\n\n\n<p class=\"has-text-align-center\"><strong>Marta Dzi\u0119gielewska <\/strong>&#8211; Pedagog specjalny, terapeuta wczesnego wspomagania rozwoju, trener TUS, terapeuta r\u0119ki, terapeuta pedagogiczny, pedagog resocjalizacyjny. Absolwentka Akademii Pedagogiki Specjalnej im. Marii Grzegorzewskiej w Warszawie. Posiadam wieloletnie do\u015bwiadczenie w pracy z dzie\u0107mi i m\u0142odzie\u017c\u0105 ze sprz\u0119\u017conymi niepe\u0142nosprawno\u015bciami, zaburzeniami rozwoju oraz niedostosowaniem spo\u0142ecznym. Do\u015bwiadczenie zdobywa\u0142am w stowarzyszeniu (PSONI), w szkole i przedszkolu integracyjnym, w Centrum Pomocy Dzieciom i M\u0142odzie\u017cy Caritas oraz w niepublicznej poradni P-P w Warszawie. Posiadam kwalifikacje do prowadzenia zaj\u0119\u0107 z zakresu wspomagania rozwoju dzieci ze specyficznymi trudno\u015bciami w nauce wg integracji odruch\u00f3w dr Sally Goddard INPP. <\/p>\n\n\n<div class=\"wp-block-image is-style-rounded\">\n<figure class=\"aligncenter size-full is-resized\"><img loading=\"lazy\" decoding=\"async\" width=\"1079\" height=\"1074\" src=\"https:\/\/edukanti.pl\/wp-content\/uploads\/2024\/10\/marianna.jpg\" alt=\"\" class=\"wp-image-237\" style=\"width:446px;height:auto\" srcset=\"https:\/\/edukanti.pl\/wp-content\/uploads\/2024\/10\/marianna.jpg 1079w, https:\/\/edukanti.pl\/wp-content\/uploads\/2024\/10\/marianna-300x300.jpg 300w, https:\/\/edukanti.pl\/wp-content\/uploads\/2024\/10\/marianna-1024x1019.jpg 1024w, https:\/\/edukanti.pl\/wp-content\/uploads\/2024\/10\/marianna-150x150.jpg 150w, https:\/\/edukanti.pl\/wp-content\/uploads\/2024\/10\/marianna-768x764.jpg 768w\" sizes=\"(max-width: 1079px) 100vw, 1079px\" \/><\/figure><\/div>\n\n\n<p class=\"has-text-align-center\"><strong>Marianna Ol\u0119dzka <\/strong>&#8211; Jestem absolwentk\u0105 kierunku fizjoterapii na Warszawskim Uniwersytecie Medycznym. Od pocz\u0105tku swojej dzia\u0142alno\u015bci zawodowej zajmuj\u0119 si\u0119 rehabilitacj\u0105 ortopedyczn\u0105, pourazow\u0105 i fizjoterapi\u0105 wad postawy u dzieci. Terapi\u0119 opieram na terapii manualnej oraz odpowiednich \u0107wiczeniach, tak aby jak najskuteczniej pomaga\u0107 swoim podopiecznym. Zajmuj\u0119 si\u0119 r\u00f3wnie\u017c integracj\u0105 odruch\u00f3w wed\u0142ug Masgutowej.<\/p>\n\n\n\n<p><\/p>\n","protected":false},"excerpt":{"rendered":"<p>Nasi specjali\u015bci to do\u015bwiadczeni psychologowie i terapeuci, logopedzi, fizjoterapeuci kt\u00f3rzy regularnie podnosz\u0105 swoje kwalifikacje, aby zapewni\u0107 naszym pacjentom najlepsz\u0105 mo\u017cliw\u0105 opiek\u0119. Agnieszka Skorupska &#8211; Pedagog specjalny, terapeuta integracji sensorycznej, nauczyciel dyplomowany. Od 2004r. pracuje z dzie\u0107mi z trudno\u015bciami szkolnymi, z dzie\u0107mi i m\u0142odzie\u017c\u0105 z zaburzeniami rozwojowymi, z niepe\u0142nosprawno\u015bciami. Certyfikowany terapeuta integracji sensorycznej od 2010r., do\u015bwiadczony &hellip; <\/p>\n","protected":false},"author":1,"featured_media":0,"parent":0,"menu_order":0,"comment_status":"closed","ping_status":"closed","template":"","meta":{"footnotes":""},"class_list":["post-49","page","type-page","status-publish","hentry"],"_links":{"self":[{"href":"https:\/\/edukanti.pl\/index.php?rest_route=\/wp\/v2\/pages\/49"}],"collection":[{"href":"https:\/\/edukanti.pl\/index.php?rest_route=\/wp\/v2\/pages"}],"about":[{"href":"https:\/\/edukanti.pl\/index.php?rest_route=\/wp\/v2\/types\/page"}],"author":[{"embeddable":true,"href":"https:\/\/edukanti.pl\/index.php?rest_route=\/wp\/v2\/users\/1"}],"replies":[{"embeddable":true,"href":"https:\/\/edukanti.pl\/index.php?rest_route=%2Fwp%2Fv2%2Fcomments&post=49"}],"version-history":[{"count":14,"href":"https:\/\/edukanti.pl\/index.php?rest_route=\/wp\/v2\/pages\/49\/revisions"}],"predecessor-version":[{"id":242,"href":"https:\/\/edukanti.pl\/index.php?rest_route=\/wp\/v2\/pages\/49\/revisions\/242"}],"wp:attachment":[{"href":"https:\/\/edukanti.pl\/index.php?rest_route=%2Fwp%2Fv2%2Fmedia&parent=49"}],"curies":[{"name":"wp","href":"https:\/\/api.w.org\/{rel}","templated":true}]}}