{"id":38,"date":"2024-07-11T08:31:34","date_gmt":"2024-07-11T08:31:34","guid":{"rendered":"https:\/\/edukanti.pl\/?page_id=38"},"modified":"2024-10-01T20:33:14","modified_gmt":"2024-10-01T20:33:14","slug":"cennik-uslug","status":"publish","type":"page","link":"https:\/\/edukanti.pl\/?page_id=38","title":{"rendered":"Cennik us\u0142ug"},"content":{"rendered":"\n<p><\/p>\n\n\n\n<figure class=\"wp-block-table is-style-stripes has-small-font-size\"><table><thead><tr><th class=\"has-text-align-left\" data-align=\"left\"><strong>Rodzaj zaj\u0119\u0107<\/strong><\/th><th class=\"has-text-align-center\" data-align=\"center\"><strong>Czas trwania zaj\u0119\u0107<\/strong><\/th><th class=\"has-text-align-center\" data-align=\"center\"><strong>Cena<\/strong><\/th><\/tr><\/thead><tbody><tr><td class=\"has-text-align-left\" data-align=\"left\"><strong>KONSULTACJA PSYCHOLOGICZNA<\/strong><\/td><td class=\"has-text-align-center\" data-align=\"center\"><strong>50 min <\/strong><br><\/td><td class=\"has-text-align-center\" data-align=\"center\"><strong>200 z\u0142<\/strong><\/td><\/tr><tr><td class=\"has-text-align-left\" data-align=\"left\"><strong>KONSULTACJA PSYCHOLOGICZNA (on-line<\/strong>)<\/td><td class=\"has-text-align-center\" data-align=\"center\"><strong>50 min<\/strong><\/td><td class=\"has-text-align-center\" data-align=\"center\"><strong>200<\/strong> z\u0142<\/td><\/tr><tr><td class=\"has-text-align-left\" data-align=\"left\"><strong>TERAPIA PSYCHOLOGICZNA<\/strong><\/td><td class=\"has-text-align-center\" data-align=\"center\"><strong>50 min<\/strong><\/td><td class=\"has-text-align-center\" data-align=\"center\"><strong>160 z\u0142<\/strong><\/td><\/tr><tr><td class=\"has-text-align-left\" data-align=\"left\"><strong>OPINIA PSYCHOLOGICZNA<\/strong><\/td><td class=\"has-text-align-center\" data-align=\"center\"><strong>50 min<\/strong><\/td><td class=\"has-text-align-center\" data-align=\"center\"><strong>150 z\u0142<\/strong><\/td><\/tr><tr><td class=\"has-text-align-left\" data-align=\"left\"><strong>KONSULTACJA PSYCHOLOGICZNA W DOMU KLIENTA<\/strong><\/td><td class=\"has-text-align-center\" data-align=\"center\"><strong>50 min<\/strong><\/td><td class=\"has-text-align-center\" data-align=\"center\"><strong>320 z\u0142<\/strong><\/td><\/tr><\/tbody><\/table><\/figure>\n\n\n\n<figure class=\"wp-block-table is-style-stripes has-small-font-size\"><table><thead><tr><th><strong>RODZAJ ZAJ\u0118\u0106<\/strong><\/th><th class=\"has-text-align-center\" data-align=\"center\"><strong>CZAS TRWANIA ZAJ\u0118\u0106<\/strong><\/th><th class=\"has-text-align-center\" data-align=\"center\"><strong>CENA<\/strong><\/th><\/tr><\/thead><tbody><tr><td><strong>KONSULTACJA PEDAGOGICZNA<\/strong><\/td><td class=\"has-text-align-center\" data-align=\"center\"><strong>50 min<\/strong><\/td><td class=\"has-text-align-center\" data-align=\"center\"><strong>160 z\u0142<\/strong><\/td><\/tr><tr><td><strong>TERAPIA PEDAGOGICZNA<\/strong><\/td><td class=\"has-text-align-center\" data-align=\"center\"><strong>50 min<\/strong><\/td><td class=\"has-text-align-center\" data-align=\"center\"><strong>160 z\u0142<\/strong><\/td><\/tr><tr><td><strong>OPINIA PEDAGOGICZNA<\/strong><\/td><td class=\"has-text-align-center\" data-align=\"center\"><strong>wersja papierowa<\/strong><\/td><td class=\"has-text-align-center\" data-align=\"center\"><strong>160 z\u0142<\/strong><\/td><\/tr><\/tbody><\/table><\/figure>\n\n\n\n<figure class=\"wp-block-table is-style-stripes has-small-font-size\"><table><thead><tr><th><strong>RODZAJ ZAJ\u0118\u0106<\/strong><\/th><th class=\"has-text-align-center\" data-align=\"center\"><strong>CZAS TRWANIA ZAJ\u0118\u0106<\/strong><\/th><th class=\"has-text-align-center\" data-align=\"center\"><strong>CENA<\/strong><\/th><\/tr><\/thead><tbody><tr><td><strong>FIZJOTERAPIA<\/strong><\/td><td class=\"has-text-align-center\" data-align=\"center\"><strong>50 min<\/strong><\/td><td class=\"has-text-align-center\" data-align=\"center\"><strong>160 z\u0142<\/strong><\/td><\/tr><\/tbody><\/table><\/figure>\n\n\n\n<figure class=\"wp-block-table is-style-stripes has-small-font-size\"><table><thead><tr><th><strong>RODZAJ ZAJ\u0118\u0106<\/strong><\/th><th class=\"has-text-align-center\" data-align=\"center\"><strong>CZAS TRWANIA ZAJ\u0118\u0106<\/strong><\/th><th class=\"has-text-align-center\" data-align=\"center\"><strong>CENA<\/strong><\/th><\/tr><\/thead><tbody><tr><td><strong>TERAPIA LOGOPEDYCZNA<\/strong><\/td><td class=\"has-text-align-center\" data-align=\"center\"><strong>50 min<\/strong><\/td><td class=\"has-text-align-center\" data-align=\"center\"><strong>160 z\u0142<\/strong><\/td><\/tr><tr><td><strong>OPINIA LOGOPEDYCZNA<\/strong><\/td><td class=\"has-text-align-center\" data-align=\"center\"><strong>wersja papierowa<\/strong><\/td><td class=\"has-text-align-center\" data-align=\"center\"><strong>150 z\u0142<\/strong><\/td><\/tr><tr><td><strong>DIAGNOZA LOGOPEDYCZNA<\/strong><\/td><td class=\"has-text-align-center\" data-align=\"center\"><strong>1 spotkanie + opis diagnozy z programem terapii<\/strong><\/td><td class=\"has-text-align-center\" data-align=\"center\"><strong>350 z\u0142<\/strong><\/td><\/tr><\/tbody><\/table><\/figure>\n\n\n\n<figure class=\"wp-block-table is-style-stripes has-small-font-size\"><table><thead><tr><th><strong>RODZAJ ZAJ\u0118\u0106<\/strong><\/th><th class=\"has-text-align-center\" data-align=\"center\"><strong>CZAS TRWANIA ZAJ\u0118\u0106<\/strong><\/th><th class=\"has-text-align-center\" data-align=\"center\"><strong>CENA<\/strong><\/th><\/tr><\/thead><tbody><tr><td><strong>TERAPIA SI<\/strong><\/td><td class=\"has-text-align-center\" data-align=\"center\"><strong>50 min<\/strong><\/td><td class=\"has-text-align-center\" data-align=\"center\"><strong>160 z\u0142<\/strong><\/td><\/tr><tr><td><strong>DIAGNOZA SI<\/strong><\/td><td class=\"has-text-align-center\" data-align=\"center\"><strong>2-3 spotkania + opis diagnozy z programem terapii<\/strong><\/td><td class=\"has-text-align-center\" data-align=\"center\"><strong>600 z\u0142<\/strong><\/td><\/tr><\/tbody><\/table><\/figure>\n\n\n\n<figure class=\"wp-block-table is-style-stripes has-small-font-size\"><table><thead><tr><th><strong>RODZAJ ZAJ\u0118\u0106<\/strong><\/th><th class=\"has-text-align-center\" data-align=\"center\"><strong>CZAS TRWANIA ZAJ\u0118\u0106<\/strong><\/th><th class=\"has-text-align-center\" data-align=\"center\"><strong>CENA<\/strong><\/th><\/tr><\/thead><tbody><tr><td><strong>ZAJ\u0118CIA PSYCHOEDUKACYJNE<\/strong><\/td><td class=\"has-text-align-center\" data-align=\"center\"><strong>50 min<\/strong><\/td><td class=\"has-text-align-center\" data-align=\"center\"><strong>160 z\u0142<\/strong><\/td><\/tr><tr><td><strong>ZAJ\u0118CIA PSYCHOEDUKACYJNE <br>dla dzieci od 1. do 6. roku \u017cycia<\/strong><\/td><td class=\"has-text-align-center\" data-align=\"center\"><strong>50 min<\/strong><\/td><td class=\"has-text-align-center\" data-align=\"center\"><strong>160 z\u0142<\/strong><\/td><\/tr><\/tbody><\/table><\/figure>\n\n\n\n<figure class=\"wp-block-table is-style-stripes has-small-font-size\"><table><thead><tr><th><strong>RODZAJ ZAJ\u0118\u0106<\/strong><\/th><th class=\"has-text-align-center\" data-align=\"center\"><strong>CZAS TRWANIA ZAJ\u0118\u0106<\/strong><\/th><th class=\"has-text-align-center\" data-align=\"center\"><strong>CENA<\/strong><\/th><\/tr><\/thead><tbody><tr><td><strong>TERAPIA R\u0118KI<\/strong><\/td><td class=\"has-text-align-center\" data-align=\"center\"><strong>50 min<\/strong><\/td><td class=\"has-text-align-center\" data-align=\"center\"><strong>160 z\u0142<\/strong><\/td><\/tr><\/tbody><\/table><\/figure>\n\n\n\n<figure class=\"wp-block-table is-style-stripes has-small-font-size\"><table><thead><tr><th><strong>Rodzaj zaj\u0119\u0107<\/strong><\/th><th class=\"has-text-align-center\" data-align=\"center\"><strong>Czas trwania zaj\u0119\u0107<\/strong><\/th><th class=\"has-text-align-center\" data-align=\"center\"><strong>Cena<\/strong><\/th><\/tr><\/thead><tbody><tr><td><strong>TRENING UMIEJ\u0118TNO\u015aCI SPO\u0141ECZNYCH <br>(kwalifikacja do zaj\u0119\u0107, 60 min. wywiad z rodzicem +30 min. z podopiecznym)<\/strong><\/td><td class=\"has-text-align-center\" data-align=\"center\"><strong>90 min <br>(startowe)<\/strong><\/td><td class=\"has-text-align-center\" data-align=\"center\"><strong>160 z\u0142<\/strong><\/td><\/tr><tr><td><strong>TRENING UMIEJ\u0118TNO\u015aCI SPO\u0141ECZNYCH <br>(2-3 osoby, 2 terapeut\u00f3w)<\/strong><\/td><td class=\"has-text-align-center\" data-align=\"center\"><strong>4 x 50 min <br>(abonament)<\/strong><\/td><td class=\"has-text-align-center\" data-align=\"center\"><strong>320 z\u0142<\/strong><\/td><\/tr><tr><td><strong>TRENING UMIEJ\u0118TNO\u015aCI SPO\u0141ECZNYCH <br>(2-4 osoby, 1 terapeuta )<\/strong><\/td><td class=\"has-text-align-center\" data-align=\"center\"><strong>4 x 50 min <br>(abonament)<\/strong><\/td><td class=\"has-text-align-center\" data-align=\"center\"><strong>320 z\u0142<\/strong><\/td><\/tr><tr><td><strong>TRENING UMIEJ\u0118TNO\u015aCI SPO\u0141ECZNYCH <br>(4-6 os\u00f3b. 2 terapeut\u00f3w)<\/strong><\/td><td class=\"has-text-align-center\" data-align=\"center\"><strong>4 x 50 min <br>(abonament)<\/strong><\/td><td class=\"has-text-align-center\" data-align=\"center\"><strong>320 z\u0142<\/strong><\/td><\/tr><\/tbody><\/table><\/figure>\n\n\n\n<p><strong>Formy p\u0142atno\u015bci:<\/strong><\/p>\n\n\n\n<p><strong>Akceptujemy r\u00f3\u017cne formy p\u0142atno\u015bci<\/strong>: karty p\u0142atnicze, BLIK oraz przelewy bankowe.<\/p>\n","protected":false},"excerpt":{"rendered":"<p>Rodzaj zaj\u0119\u0107 Czas trwania zaj\u0119\u0107 Cena KONSULTACJA PSYCHOLOGICZNA 50 min 200 z\u0142 KONSULTACJA PSYCHOLOGICZNA (on-line) 50 min 200 z\u0142 TERAPIA PSYCHOLOGICZNA 50 min 160 z\u0142 OPINIA PSYCHOLOGICZNA 50 min 150 z\u0142 KONSULTACJA PSYCHOLOGICZNA W DOMU KLIENTA 50 min 320 z\u0142 RODZAJ ZAJ\u0118\u0106 CZAS TRWANIA ZAJ\u0118\u0106 CENA KONSULTACJA PEDAGOGICZNA 50 min 160 z\u0142 TERAPIA PEDAGOGICZNA 50 &hellip; <\/p>\n","protected":false},"author":1,"featured_media":0,"parent":0,"menu_order":0,"comment_status":"closed","ping_status":"closed","template":"","meta":{"footnotes":""},"class_list":["post-38","page","type-page","status-publish","hentry"],"_links":{"self":[{"href":"https:\/\/edukanti.pl\/index.php?rest_route=\/wp\/v2\/pages\/38"}],"collection":[{"href":"https:\/\/edukanti.pl\/index.php?rest_route=\/wp\/v2\/pages"}],"about":[{"href":"https:\/\/edukanti.pl\/index.php?rest_route=\/wp\/v2\/types\/page"}],"author":[{"embeddable":true,"href":"https:\/\/edukanti.pl\/index.php?rest_route=\/wp\/v2\/users\/1"}],"replies":[{"embeddable":true,"href":"https:\/\/edukanti.pl\/index.php?rest_route=%2Fwp%2Fv2%2Fcomments&post=38"}],"version-history":[{"count":16,"href":"https:\/\/edukanti.pl\/index.php?rest_route=\/wp\/v2\/pages\/38\/revisions"}],"predecessor-version":[{"id":243,"href":"https:\/\/edukanti.pl\/index.php?rest_route=\/wp\/v2\/pages\/38\/revisions\/243"}],"wp:attachment":[{"href":"https:\/\/edukanti.pl\/index.php?rest_route=%2Fwp%2Fv2%2Fmedia&parent=38"}],"curies":[{"name":"wp","href":"https:\/\/api.w.org\/{rel}","templated":true}]}}