{"id":32,"date":"2024-07-11T08:19:52","date_gmt":"2024-07-11T08:19:52","guid":{"rendered":"https:\/\/edukanti.pl\/?page_id=32"},"modified":"2024-10-01T19:39:03","modified_gmt":"2024-10-01T19:39:03","slug":"warsztaty-i-szkolenia","status":"publish","type":"page","link":"https:\/\/edukanti.pl\/?page_id=32","title":{"rendered":"Warsztaty i szkolenia"},"content":{"rendered":"\n<p>Organizujemy warsztaty i szkolenia z zakresu zdrowia psychicznego, umiej\u0119tno\u015bci interpersonalnych oraz rozwoju osobistego, kt\u00f3re s\u0105 dostosowane do potrzeb os\u00f3b ze spektrum autyzmu. Nasze programy oferuj\u0105 praktyczne narz\u0119dzia i strategie, kt\u00f3re wspieraj\u0105 rozw\u00f3j komunikacji, umiej\u0119tno\u015bci spo\u0142ecznych oraz samodzielno\u015bci u uczestnik\u00f3w. Specjalistyczne szkolenia s\u0105 prowadzone przez do\u015bwiadczonych terapeut\u00f3w, kt\u00f3rzy maj\u0105 wiedz\u0119 i do\u015bwiadczenie w pracy z osobami autystycznymi, co gwarantuje wysok\u0105 jako\u015b\u0107 i skuteczno\u015b\u0107 naszych program\u00f3w edukacyjnych.<\/p>\n\n\n\n<p>Organizujemy warsztaty ceramiczne zar\u00f3wno dla os\u00f3b doros\u0142ych jak i dla dzieci. Wkr\u00f3tce wi\u0119cej informacji na naszej stronie.<\/p>\n\n\n\n<figure class=\"wp-block-image size-large\"><img loading=\"lazy\" decoding=\"async\" width=\"1024\" height=\"650\" src=\"https:\/\/edukanti.pl\/wp-content\/uploads\/2024\/10\/2024-10-01_21h23_14-1024x650.png\" alt=\"\" class=\"wp-image-210\" srcset=\"https:\/\/edukanti.pl\/wp-content\/uploads\/2024\/10\/2024-10-01_21h23_14-1024x650.png 1024w, https:\/\/edukanti.pl\/wp-content\/uploads\/2024\/10\/2024-10-01_21h23_14-300x190.png 300w, https:\/\/edukanti.pl\/wp-content\/uploads\/2024\/10\/2024-10-01_21h23_14-768x488.png 768w, https:\/\/edukanti.pl\/wp-content\/uploads\/2024\/10\/2024-10-01_21h23_14.png 1126w\" sizes=\"(max-width: 1024px) 100vw, 1024px\" \/><\/figure>\n\n\n<div class=\"wp-block-image\">\n<figure class=\"aligncenter size-large\"><img loading=\"lazy\" decoding=\"async\" width=\"722\" height=\"1024\" src=\"https:\/\/edukanti.pl\/wp-content\/uploads\/2024\/09\/Ulotka-Edukanti-do-druku-2-722x1024.jpg\" alt=\"\" class=\"wp-image-115\" srcset=\"https:\/\/edukanti.pl\/wp-content\/uploads\/2024\/09\/Ulotka-Edukanti-do-druku-2-722x1024.jpg 722w, https:\/\/edukanti.pl\/wp-content\/uploads\/2024\/09\/Ulotka-Edukanti-do-druku-2-211x300.jpg 211w, https:\/\/edukanti.pl\/wp-content\/uploads\/2024\/09\/Ulotka-Edukanti-do-druku-2-768x1089.jpg 768w, https:\/\/edukanti.pl\/wp-content\/uploads\/2024\/09\/Ulotka-Edukanti-do-druku-2-1083x1536.jpg 1083w, https:\/\/edukanti.pl\/wp-content\/uploads\/2024\/09\/Ulotka-Edukanti-do-druku-2-1444x2048.jpg 1444w, https:\/\/edukanti.pl\/wp-content\/uploads\/2024\/09\/Ulotka-Edukanti-do-druku-2.jpg 1749w\" sizes=\"(max-width: 722px) 100vw, 722px\" \/><\/figure><\/div>","protected":false},"excerpt":{"rendered":"<p>Organizujemy warsztaty i szkolenia z zakresu zdrowia psychicznego, umiej\u0119tno\u015bci interpersonalnych oraz rozwoju osobistego, kt\u00f3re s\u0105 dostosowane do potrzeb os\u00f3b ze spektrum autyzmu. Nasze programy oferuj\u0105 praktyczne narz\u0119dzia i strategie, kt\u00f3re wspieraj\u0105 rozw\u00f3j komunikacji, umiej\u0119tno\u015bci spo\u0142ecznych oraz samodzielno\u015bci u uczestnik\u00f3w. Specjalistyczne szkolenia s\u0105 prowadzone przez do\u015bwiadczonych terapeut\u00f3w, kt\u00f3rzy maj\u0105 wiedz\u0119 i do\u015bwiadczenie w pracy z osobami &hellip; <\/p>\n","protected":false},"author":1,"featured_media":0,"parent":0,"menu_order":0,"comment_status":"closed","ping_status":"closed","template":"","meta":{"footnotes":""},"class_list":["post-32","page","type-page","status-publish","hentry"],"_links":{"self":[{"href":"https:\/\/edukanti.pl\/index.php?rest_route=\/wp\/v2\/pages\/32"}],"collection":[{"href":"https:\/\/edukanti.pl\/index.php?rest_route=\/wp\/v2\/pages"}],"about":[{"href":"https:\/\/edukanti.pl\/index.php?rest_route=\/wp\/v2\/types\/page"}],"author":[{"embeddable":true,"href":"https:\/\/edukanti.pl\/index.php?rest_route=\/wp\/v2\/users\/1"}],"replies":[{"embeddable":true,"href":"https:\/\/edukanti.pl\/index.php?rest_route=%2Fwp%2Fv2%2Fcomments&post=32"}],"version-history":[{"count":6,"href":"https:\/\/edukanti.pl\/index.php?rest_route=\/wp\/v2\/pages\/32\/revisions"}],"predecessor-version":[{"id":227,"href":"https:\/\/edukanti.pl\/index.php?rest_route=\/wp\/v2\/pages\/32\/revisions\/227"}],"wp:attachment":[{"href":"https:\/\/edukanti.pl\/index.php?rest_route=%2Fwp%2Fv2%2Fmedia&parent=32"}],"curies":[{"name":"wp","href":"https:\/\/api.w.org\/{rel}","templated":true}]}}