{"id":29,"date":"2024-07-10T21:50:54","date_gmt":"2024-07-10T21:50:54","guid":{"rendered":"https:\/\/edukanti.pl\/?page_id=29"},"modified":"2024-09-01T11:38:59","modified_gmt":"2024-09-01T11:38:59","slug":"misja-i-wartosci","status":"publish","type":"page","link":"https:\/\/edukanti.pl\/?page_id=29","title":{"rendered":"Misja i warto\u015bci"},"content":{"rendered":"\n<p>Misj\u0105 Poradni Psychologicznej Edukanti jest zapewnienie kompleksowego wsparcia. Naszym celem jest stworzenie bezpiecznego i przyjaznego \u015brodowiska, w kt\u00f3rym ka\u017cdy podopieczny mo\u017ce rozwija\u0107 swoje zdolno\u015bci oraz osi\u0105ga\u0107 pe\u0142ny potencja\u0142 rozwojowy. Oferujemy szeroki zakres us\u0142ug terapeutycznych, edukacyjnych i wsparcia psychologicznego, zapewniaj\u0105c profesjonaln\u0105 diagnoz\u0119, terapi\u0119 oraz pomoc w codziennym funkcjonowaniu. Nasze dzia\u0142ania koncentruj\u0105 si\u0119 na budowaniu zdolno\u015bci adaptacyjnych i umiej\u0119tno\u015bci spo\u0142ecznych, kt\u00f3re s\u0105 kluczowe dla samodzielno\u015bci i integracji spo\u0142ecznej naszych podopiecznych, szczeg\u00f3lnie os\u00f3b z autyzmem. Jeste\u015bmy w stanie zadba\u0107 o nich na wielu poziomach \u2013 od edukacji pedagogicznej, przez trening umiej\u0119tno\u015bci spo\u0142ecznych, indywidualne lub grupowe sesje psychologiczne, po integracj\u0119 sensoryczn\u0105, logopedi\u0119, rehabilitacj\u0119. D\u0105\u017cymy do tego, aby nasi specjali\u015bci byli nie tylko ekspertami w dziedzinie terapii dzieci i m\u0142odzie\u017cy, ale r\u00f3wnie\u017c partnerami rodzic\u00f3w i opiekun\u00f3w w procesie wspierania ich rozwoju.<\/p>\n\n\n\n<p>Wierzymy, \u017ce ka\u017cdy cz\u0142owiek zas\u0142uguje na pe\u0142ne zrozumienie, akceptacj\u0119 i wsparcie na ka\u017cdym etapie swojej drogi \u017cyciowej.<\/p>\n\n\n\n<p>Zapraszamy wszystkich zainteresowanych do skorzystania z naszej oferty i do\u0142\u0105czenia do spo\u0142eczno\u015bci Poradni Edukanti, gdzie razem mo\u017cemy tworzy\u0107 przestrze\u0144 do rozwoju i realizacji marze\u0144 naszych podopiecznych.<\/p>\n\n\n\n<figure class=\"wp-block-image size-large\"><img loading=\"lazy\" decoding=\"async\" width=\"1024\" height=\"683\" src=\"https:\/\/edukanti.pl\/wp-content\/uploads\/2024\/09\/jak3644-1024x683.jpg\" alt=\"\" class=\"wp-image-170\" srcset=\"https:\/\/edukanti.pl\/wp-content\/uploads\/2024\/09\/jak3644-1024x683.jpg 1024w, https:\/\/edukanti.pl\/wp-content\/uploads\/2024\/09\/jak3644-300x200.jpg 300w, https:\/\/edukanti.pl\/wp-content\/uploads\/2024\/09\/jak3644-768x512.jpg 768w, https:\/\/edukanti.pl\/wp-content\/uploads\/2024\/09\/jak3644-1536x1024.jpg 1536w, https:\/\/edukanti.pl\/wp-content\/uploads\/2024\/09\/jak3644-2048x1365.jpg 2048w, https:\/\/edukanti.pl\/wp-content\/uploads\/2024\/09\/jak3644-450x300.jpg 450w\" sizes=\"(max-width: 1024px) 100vw, 1024px\" \/><\/figure>\n","protected":false},"excerpt":{"rendered":"<p>Misj\u0105 Poradni Psychologicznej Edukanti jest zapewnienie kompleksowego wsparcia. Naszym celem jest stworzenie bezpiecznego i przyjaznego \u015brodowiska, w kt\u00f3rym ka\u017cdy podopieczny mo\u017ce rozwija\u0107 swoje zdolno\u015bci oraz osi\u0105ga\u0107 pe\u0142ny potencja\u0142 rozwojowy. Oferujemy szeroki zakres us\u0142ug terapeutycznych, edukacyjnych i wsparcia psychologicznego, zapewniaj\u0105c profesjonaln\u0105 diagnoz\u0119, terapi\u0119 oraz pomoc w codziennym funkcjonowaniu. Nasze dzia\u0142ania koncentruj\u0105 si\u0119 na budowaniu zdolno\u015bci adaptacyjnych &hellip; <\/p>\n","protected":false},"author":1,"featured_media":0,"parent":0,"menu_order":0,"comment_status":"closed","ping_status":"closed","template":"","meta":{"footnotes":""},"class_list":["post-29","page","type-page","status-publish","hentry"],"_links":{"self":[{"href":"https:\/\/edukanti.pl\/index.php?rest_route=\/wp\/v2\/pages\/29"}],"collection":[{"href":"https:\/\/edukanti.pl\/index.php?rest_route=\/wp\/v2\/pages"}],"about":[{"href":"https:\/\/edukanti.pl\/index.php?rest_route=\/wp\/v2\/types\/page"}],"author":[{"embeddable":true,"href":"https:\/\/edukanti.pl\/index.php?rest_route=\/wp\/v2\/users\/1"}],"replies":[{"embeddable":true,"href":"https:\/\/edukanti.pl\/index.php?rest_route=%2Fwp%2Fv2%2Fcomments&post=29"}],"version-history":[{"count":4,"href":"https:\/\/edukanti.pl\/index.php?rest_route=\/wp\/v2\/pages\/29\/revisions"}],"predecessor-version":[{"id":171,"href":"https:\/\/edukanti.pl\/index.php?rest_route=\/wp\/v2\/pages\/29\/revisions\/171"}],"wp:attachment":[{"href":"https:\/\/edukanti.pl\/index.php?rest_route=%2Fwp%2Fv2%2Fmedia&parent=29"}],"curies":[{"name":"wp","href":"https:\/\/api.w.org\/{rel}","templated":true}]}}